{"id":454,"date":"2018-06-12T21:00:57","date_gmt":"2018-06-12T21:00:57","guid":{"rendered":"http:\/\/csarda.eu\/web\/?page_id=454"},"modified":"2018-06-12T21:00:57","modified_gmt":"2018-06-12T21:00:57","slug":"ochrana-osobnych-udajov","status":"publish","type":"page","link":"http:\/\/csarda.eu\/web\/ochrana-osobnych-udajov\/","title":{"rendered":"Ochrana osobn\u00fdch \u00fadajov"},"content":{"rendered":"<p class=\"Norm_l\"><strong><span class=\"tm6\">Ak\u00e9 inform\u00e1cie zhroma\u017e\u010fujeme?<br \/>\n<\/span><\/strong> M\u00f4\u017eeme zhroma\u017e\u010fova\u0165, uchov\u00e1va\u0165 a pou\u017e\u00edva\u0165 nasleduj\u00face druhy osobn\u00fdch inform\u00e1ci\u00ed:<br \/>\n1. inform\u00e1cie o va\u0161om po\u010d\u00edta\u010di a o va\u0161ich n\u00e1v\u0161tev\u00e1ch a pou\u017e\u00edvan\u00ed tejto webovej str\u00e1nky (vr\u00e1tane va\u0161ej IP adresy, geografickej polohy, typu prehliada\u010da a jeho verzie, opera\u010dn\u00fd syst\u00e9m, d\u013a\u017eka n\u00e1v\u0161tevy, zobrazenie str\u00e1nok a navig\u00e1cia po webe)<br \/>\n2. inform\u00e1cie t\u00fdkaj\u00face sa v\u0161etk\u00fdch transakci\u00ed realizovan\u00fdch medzi nami a vami alebo vo vz\u0165ahu k tejto webovej str\u00e1nke<br \/>\n3. inform\u00e1cie, ktor\u00e9 ste n\u00e1m poskytli za \u00fa\u010delom registr\u00e1cie u n\u00e1s<br \/>\n4. inform\u00e1cie, ktor\u00e9 ste n\u00e1m poskytli pri prihl\u00e1sen\u00ed sa na str\u00e1nky, e-mailov\u00e9 notifik\u00e1cie<br \/>\n5. ak\u00e9ko\u013evek \u010fal\u0161ie inform\u00e1cie, ktor\u00e9 sa rozhodnete n\u00e1m zasla\u0165;<\/p>\n<p class=\"Norm_l\"><strong><span class=\"tm6\">\u010co s\u00fa s\u00fabory cookies:<br \/>\n<\/span><\/strong> Za \u00fa\u010delom zlep\u0161enia poskytovan\u00fdch slu\u017eieb pre V\u00e1s vyu\u017e\u00edvaj\u00fa na\u0161e str\u00e1nky s\u00fabory cookie. S\u00fabory cookies s\u00fa mal\u00e9 textov\u00e9 s\u00fabory, ktor\u00e9 sa umiestnia v po\u010d\u00edta\u010di alebo zariaden\u00ed pri n\u00e1v\u0161teve na\u0161ej webovej str\u00e1nky. Pou\u017e\u00edvan\u00edm s\u00faborov cookies nedoch\u00e1dza k poru\u0161ovaniu z\u00e1kona \u010d. 18\/2018 Z.z. o ochrane osobn\u00fdch \u00fadajov, nako\u013eko ich pou\u017e\u00edvan\u00edm nezhroma\u017e\u010fujeme osobn\u00e9 \u00fadaje a ani ich neposkytujeme tret\u00edm stran\u00e1m. Ka\u017ed\u00fd u\u017e\u00edvate\u013e prezeran\u00edm na\u0161ej webovej str\u00e1nky s\u00fahlas\u00ed s ich pou\u017e\u00edvan\u00edm a ukladan\u00edm do jeho prehliada\u010da. O tejto skuto\u010dnosti je upozornen\u00fd pri n\u00e1v\u0161teve na\u0161ej webovej str\u00e1nky a svoj s\u00fahlas prejavuje \u010fal\u0161\u00edm prezeran\u00edm na\u0161ej webovej str\u00e1nky.<\/p>\n<p class=\"Norm_l\">S\u00fabory cookies pom\u00e1haj\u00fa napr.:<\/p>\n<ul class=\"Norm_l tm7\">\n<li class=\"tm8\">k spr\u00e1vnej funk\u010dnosti na\u0161ich str\u00e1nok<\/li>\n<\/ul>\n<p class=\"Norm_l\">\u010eal\u0161ie inform\u00e1cie k s\u00faborom cookie n\u00e1jdete napr.\u00a0<u><a href=\"http:\/\/cs.wikipedia.org\/wiki\/HTTP_cookie\">tu<\/a><\/u><\/p>\n<p class=\"Norm_l\"><strong><span class=\"tm6\">Ak\u00e9 s\u00fabory cookie pou\u017e\u00edvame:<br \/>\n<\/span><\/strong> S\u00fabory cookie pou\u017e\u00edvan\u00e9 na na\u0161ich str\u00e1nkach je mo\u017en\u00e9 z h\u013eadiska ich trvanlivosti rozdeli\u0165 na dva z\u00e1kladn\u00e9 typy. Kr\u00e1tkodob\u00e9 tzv. \u201esession cookie\u201c ktor\u00e9 s\u00fa iba do\u010dasn\u00e9 a zost\u00e1vaj\u00fa ulo\u017een\u00e9 vo Va\u0161om prehliada\u010di iba do tej doby, pokia\u013e prehliada\u010d zavriete, a dlhodob\u00e9 tzv. \u201epersistent cookie\u201c, ktor\u00e9 zost\u00e1vaj\u00fa ulo\u017een\u00e9 vo Va\u0161om zariaden\u00ed ove\u013ea dlh\u0161ie alebo pokia\u013e ich ru\u010dne neodstr\u00e1nite (doba ponechania s\u00faborov cookie vo Va\u0161om zariaden\u00ed z\u00e1vis\u00ed od nastavenia samotnej cookie a nastavenia V\u00e1\u0161ho prehliada\u010da).<\/p>\n<p class=\"Norm_l\">Z h\u013eadiska funkcie, ktor\u00fa jednotliv\u00e9 cookie plnia, je mo\u017en\u00e9 cookie rozdeli\u0165 na:<\/p>\n<ul class=\"Norm_l tm7\">\n<li class=\"tm8\"><strong><span class=\"tm6\">konverzn\u00e9<\/span><\/strong>, ktor\u00e9 n\u00e1m umo\u017e\u0148uj\u00fa analyzova\u0165 v\u00fdkon r\u00f4znych predajn\u00fdch kan\u00e1lov<\/li>\n<li class=\"Norm_l tm8\"><strong><span class=\"tm6\">trackingov\u00e9<\/span><\/strong>\u00a0(sledovacie), ktor\u00e9 v kombin\u00e1cii s konverzn\u00fdmi pom\u00e1haj\u00fa analyzova\u0165 v\u00fdkon r\u00f4znych predajn\u00fdch kan\u00e1lov<\/li>\n<li class=\"Norm_l tm8\"><strong><span class=\"tm6\">remarketingov\u00e9<\/span><\/strong>, ktor\u00e9 pou\u017e\u00edvame pre personaliz\u00e1ciu obsahu rekl\u00e1m a ich spr\u00e1vnemu zacieleniu<\/li>\n<li class=\"Norm_l tm8\"><strong><span class=\"tm6\">analytick\u00e9<\/span><\/strong>, ktor\u00e9 n\u00e1m pom\u00e1haj\u00fa zv\u00fd\u0161i\u0165 u\u017e\u00edvate\u013esk\u00e9 pohodlie n\u00e1\u0161ho webu t\u00fdm, \u017ee pochop\u00edme, ako ho u\u017e\u00edvatelia pou\u017e\u00edvaj\u00fa<\/li>\n<li class=\"Norm_l tm8\"><strong><span class=\"tm6\">esenci\u00e1lne<\/span><\/strong>, ktor\u00e9 s\u00fa d\u00f4le\u017eit\u00e9 pre z\u00e1kladn\u00fa funk\u010dnos\u0165 webu<\/li>\n<\/ul>\n<p class=\"Norm_l\">Niektor\u00e9 s\u00fabory cookie m\u00f4\u017eu zhroma\u017e\u010fova\u0165 inform\u00e1cie, ktor\u00e9 s\u00fa n\u00e1sledne vyu\u017eit\u00e9 tret\u00edmi stranami a ktor\u00e9 napr. priamo podporuj\u00fa na\u0161e reklamn\u00e9 aktivity (tzv. \u201ecookie tret\u00edch str\u00e1n\u201c). Napr\u00edklad inform\u00e1cie o produktoch kupovan\u00fdch n\u00e1v\u0161tevn\u00edkmi na na\u0161ich str\u00e1nkach m\u00f4\u017eu by\u0165 zobrazen\u00e9 reklamnou agent\u00farou, aby sme mohli lep\u0161ie prisp\u00f4sobi\u0165 zobrazenia internetov\u00fdch reklamn\u00fdch bannerov na Vami zobrazovan\u00fdch webov\u00fdch str\u00e1nkach. Pod\u013ea t\u00fdchto \u00fadajov V\u00e1s v\u0161ak nie je mo\u017en\u00e9 identifikova\u0165.<\/p>\n<p class=\"Norm_l\"><strong><span class=\"tm6\">Na na\u0161ich str\u00e1nkach vyu\u017e\u00edvame nasleduj\u00face s\u00fabory cookie:<\/span><\/strong><\/p>\n<table class=\"Norm_l tm9 tm10\" border=\"0\" rules=\"all\">\n<thead>\n<tr>\n<td class=\"tm12 tm13 tm14\">\n<p class=\"Norm_l\">Vydavate\u013e\/ N\u00e1zov cookie<\/p>\n<\/td>\n<td class=\"tm12 tm13 tm14\">\n<p class=\"Norm_l\">Typ<\/p>\n<\/td>\n<td class=\"tm12 tm13 tm14\">\n<p class=\"Norm_l\">Trvanlivos\u0165<\/p>\n<\/td>\n<\/tr>\n<\/thead>\n<tbody class=\"tm11\">\n<tr>\n<td class=\"tm12 tm13 tm14\">\n<p class=\"Norm_l\"><strong><span class=\"tm6\">AdWords<\/span><\/strong><\/p>\n<\/td>\n<td class=\"tm12 tm13 tm14\">\n<p class=\"Norm_l\">Tracking, Remarketing<\/p>\n<\/td>\n<td class=\"tm12 tm13 tm14\">\n<p class=\"Norm_l\">90 dn\u00ed<\/p>\n<\/td>\n<\/tr>\n<tr>\n<td class=\"tm12 tm13 tm14\">\n<p class=\"Norm_l\"><strong><span class=\"tm6\">Facebook<\/span><\/strong><\/p>\n<\/td>\n<td class=\"tm12 tm13 tm14\">\n<p class=\"Norm_l\">Tracking, Konverzn\u00fd<\/p>\n<\/td>\n<td class=\"tm12 tm13 tm14\">\n<p class=\"Norm_l\">persistent<\/p>\n<\/td>\n<\/tr>\n<tr>\n<td class=\"tm12 tm13 tm14\">\n<p class=\"Norm_l\"><strong><span class=\"tm6\">Google Analytics<br \/>\n<\/span><\/strong> (_ga, cid, utmv, utmz, utma, utmb, utmc)<\/p>\n<\/td>\n<td class=\"tm12 tm13 tm14\">\n<p class=\"Norm_l\">Analytical, Tracking<\/p>\n<\/td>\n<td class=\"tm12 tm13 tm14\">\n<p class=\"Norm_l\">persistent<br \/>\n6 mesiacov<br \/>\npersistent<br \/>\n6 mesiacov<br \/>\npersistent<br \/>\npersistent<br \/>\nsession<\/p>\n<\/td>\n<\/tr>\n<tr>\n<td class=\"tm12 tm13 tm14\">\n<p class=\"Norm_l\"><strong><span class=\"tm6\">php,phtml,php3<\/span><\/strong><\/p>\n<\/td>\n<td class=\"tm12 tm13 tm14\">\n<p class=\"Norm_l\">Essential<\/p>\n<\/td>\n<td class=\"tm12 tm13 tm14\">\n<p class=\"Norm_l\">m\u00f4\u017ee sa l\u00ed\u0161i\u0165<\/p>\n<\/td>\n<\/tr>\n<\/tbody>\n<\/table>\n<p class=\"Norm_l\"><strong><span class=\"tm6\">Ako odmietnu\u0165 pou\u017e\u00edvanie s\u00faborov cookie:<br \/>\n<\/span><\/strong> Pou\u017e\u00edvanie s\u00faborov cookie je mo\u017en\u00e9 nastavi\u0165 pomocou V\u00e1\u0161ho internetov\u00e9ho prehliada\u010da. V\u00e4\u010d\u0161ina prehliada\u010dov s\u00fabory cookie automaticky prij\u00edma u\u017e vo \u00favodnom nastaven\u00ed. S\u00fabory cookie je mo\u017en\u00e9 pomocou V\u00e1\u0161ho webov\u00e9ho prehliada\u010da odmietnu\u0165 alebo nastavi\u0165 pou\u017e\u00edvanie len niektor\u00fdch s\u00faborov cookie.<\/p>\n<p class=\"Norm_l\"><strong><span class=\"tm6\">Pou\u017e\u00edvanie va\u0161ich osobn\u00fdch inform\u00e1cii:<br \/>\n<\/span><\/strong> Osobn\u00e9 \u00fadaje sprostredkovan\u00e9 na\u0161imi str\u00e1nkami bud\u00fa pou\u017eit\u00e9 na \u00fa\u010dely uveden\u00e9 v t\u00fdchto z\u00e1sad\u00e1ch ochrany s\u00fakromia, alebo v pr\u00edslu\u0161n\u00fdch \u010dastiach webu.<br \/>\nVa\u0161e osobn\u00e9 \u00fadaje m\u00f4\u017eu by\u0165 pou\u017eit\u00e9 na:<br \/>\n1. administr\u00e1ciu webovej str\u00e1nky<br \/>\n2. zefekt\u00edvnenie prehliadania webu prostredn\u00edctvom personaliz\u00e1cia str\u00e1nky<br \/>\n3. povolenie pou\u017e\u00edvania slu\u017eieb dostupn\u00fdch na internetov\u00fdch str\u00e1nkach<br \/>\n4. zasielanie v\u0161eobecn\u00fdch obchodn\u00fdch ozn\u00e1men\u00ed<br \/>\n5. zasielanie vy\u017eiadan\u00fdch upozornen\u00ed<br \/>\n6. zasielanie marketingovej komunik\u00e1cie, inform\u00e1cii o\u00a0akci\u00e1ch a\u00a0novink\u00e1ch<br \/>\n7. poskytn\u00fa\u0165 tret\u00edm stran\u00e1m \u0161tatistick\u00e9 inform\u00e1cie o na\u0161ich u\u017e\u00edvate\u013eoch \u2013 ale tieto inform\u00e1cie nebud\u00fa pou\u017eit\u00e9 na identifik\u00e1ciu jedinca u\u017e\u00edvate\u013ea<br \/>\n8. vybavenie dotazov, s\u0165a\u017enost\u00ed t\u00fdkaj\u00facich sa na\u0161ich str\u00e1nok<\/p>\n<p class=\"Norm_l\">Publikovan\u00e9 na na\u0161ich str\u00e1nkach bud\u00fa len inform\u00e1cie, ktor\u00e9 n\u00e1m za\u0161lete za t\u00fdmto \u00fa\u010delom. Va\u0161e osobn\u00e9 \u00fadaje nebudeme bez V\u00e1\u0161ho s\u00fahlasu poskytova\u0165 tret\u00edm stran\u00e1m.<\/p>\n<p class=\"Norm_l\"><strong><span class=\"tm6\">Uverejnenie:<br \/>\n<\/span><\/strong> Inform\u00e1cie o v\u00e1s m\u00f4\u017eu by\u0165 poskytnut\u00e9 niektor\u00fdm z na\u0161ich zamestnancov, \u00faradn\u00edkov, z\u00e1stupcov, dod\u00e1vate\u013eov alebo subdod\u00e1vate\u013eov, ak je ich pou\u017eitie opodstatnen\u00e9 pre \u00fa\u010dely uveden\u00e9 v t\u00fdchto z\u00e1sad\u00e1ch ochrany s\u00fakromia.<br \/>\nOkrem toho, m\u00f4\u017eeme spr\u00edstupni\u0165 va\u0161e osobn\u00e9 \u00fadaje:<br \/>\n1. do tej miery, ako sme povinn\u00ed urobi\u0165 zo z\u00e1kona;<br \/>\n2. v s\u00favislosti s ak\u00fdmko\u013evek pr\u00e1vnym konan\u00edm, alebo pri potenci\u00e1lnych s\u00fadnych konaniach;<br \/>\n3. za \u00fa\u010delom ochrany na\u0161ich z\u00e1konn\u00fdch pr\u00e1v (vr\u00e1tane poskytovania inform\u00e1ci\u00ed ostatn\u00fdm za \u00fa\u010delom boja proti podvodom a zn\u00ed\u017eeniu kreditn\u00e9ho rizika);<br \/>\n4. kupuj\u00facemu ak\u00e9hoko\u013evek podielu na\u0161ej spolo\u010dnosti, alebo akt\u00edv, ktor\u00e9 sme (alebo uva\u017eujeme) preda\u0165; a<br \/>\n5. ka\u017edej osobe, o ktorej sa domnievame, \u017ee m\u00f4\u017ee po\u017eiada\u0165 s\u00fad alebo in\u00fd pr\u00edslu\u0161n\u00fd org\u00e1n o zverejnenie t\u00fdchto osobn\u00fdch \u00fadajov, ak sme presved\u010den\u00ed \u017ee by si s\u00fad zverejnenia tohto osobn\u00fdch \u00fadajov vy\u017eiadal.<br \/>\nS v\u00fdnimkou pr\u00edpadov uveden\u00fdch v t\u00fdchto z\u00e1sad\u00e1ch ochrany s\u00fakromia, nebudeme poskytova\u0165 svoje inform\u00e1cie tret\u00edm stran\u00e1m.<\/p>\n<p class=\"Norm_l\"><strong><span class=\"tm6\">Medzin\u00e1rodn\u00e9 d\u00e1tov\u00e9 prenosy:<br \/>\n<\/span><\/strong> Inform\u00e1cie, ktor\u00e9 zhroma\u017e\u010fujeme m\u00f4\u017eu by\u0165 ulo\u017een\u00e9, spracov\u00e1van\u00e9 a pren\u00e1\u0161an\u00e9 medzi ktor\u00fdmiko\u013evek krajinami v ktor\u00fdch p\u00f4sob\u00edme a m\u00f4\u017eu by\u0165 pou\u017eit\u00e9 v s\u00falade s t\u00fdmito z\u00e1sadami ochrany s\u00fakromia.<\/p>\n<p class=\"Norm_l\">V\u00fdslovne s\u00fahlas\u00edte s tak\u00fdmito prevodmi osobn\u00fdch \u00fadajov.<\/p>\n<p class=\"Norm_l\"><strong><span class=\"tm6\">Bezpe\u010dnos\u0165 va\u0161ich osobn\u00fdch inform\u00e1ci\u00ed:<br \/>\n<\/span><\/strong> Zabezpe\u010d\u00edme primeran\u00e9 technick\u00e9 a organiza\u010dn\u00e9 opatrenia, aby sme zabr\u00e1nil strate, zneu\u017eitiu alebo pozme\u0148ovanie va\u0161ich osobn\u00fdch \u00fadajov.<\/p>\n<p class=\"Norm_l\">V\u0161etky poskytnut\u00e9 osobn\u00e9 \u00fadaje budeme uklada\u0165 na na\u0161ich zabezpe\u010den\u00fdch serveroch.<\/p>\n<p class=\"Norm_l\"><strong><span class=\"tm6\">Zmeny z\u00e1sad:<br \/>\n<\/span><\/strong> Z\u00e1sady ochrany osobn\u00fdch \u00fadajov m\u00f4\u017eeme aktualizova\u0165 bez predo\u0161l\u00e9ho upozornenia, zverejnen\u00edm novej verzie na na\u0161ich webov\u00fdch str\u00e1nkach. Str\u00e1nku by ste mali priebe\u017ene kontrolova\u0165, aby ste sa obozn\u00e1mili s pr\u00edpadn\u00fdmi zmenami.<\/p>\n<p class=\"Norm_l\"><strong><span class=\"tm6\">Va\u0161e pr\u00e1va:<br \/>\n<\/span><\/strong> M\u00f4\u017eete n\u00e1s kedyko\u013evek po\u017eiada\u0165 o\u00a0spr\u00edstupnenie osobn\u00fdch inform\u00e1cii, ktor\u00e9 o\u00a0v\u00e1s evidujeme.<\/p>\n<p class=\"Norm_l\">Zaslan\u00edm po\u017eiadavky cez n\u00e1\u0161 kontaktn\u00fd formul\u00e1r n\u00e1s m\u00f4\u017eete kedyko\u013evek po\u017eiada\u0165, aby va\u0161e osobn\u00e9 \u00fadaje neboli pou\u017eit\u00e9 na marketingov\u00e9 \u00fa\u010dely. V praxi si toto povolenie vy\u017eadujeme vopred, alebo v\u00e1m poskytneme pr\u00edle\u017eitos\u0165 na vyl\u00fa\u010denie z pou\u017e\u00edvania va\u0161ich osobn\u00fdch \u00fadajov na marketingov\u00e9 \u00fa\u010dely.<\/p>\n<p class=\"Norm_l\"><strong><span class=\"tm6\">Webov\u00e9 str\u00e1nky tret\u00edch str\u00e1n:<br \/>\n<\/span><\/strong> Webov\u00e1 str\u00e1nka obsahuje odkazy na in\u00e9 webov\u00e9 str\u00e1nky. Nie sme zodpovedn\u00ed za z\u00e1sady ochrany osobn\u00fdch \u00fadajov alebo postupy webov\u00fdch str\u00e1nok tret\u00edch str\u00e1n.<\/p>\n<p class=\"Norm_l\"><strong><span class=\"tm6\">Kontakt:<br \/>\n<\/span><\/strong> Ak m\u00e1te ak\u00e9ko\u013evek ot\u00e1zky t\u00fdkaj\u00face sa ochrany s\u00fakromia, alebo spracovania va\u0161ich osobn\u00fdch \u00fadajov, nap\u00ed\u0161te n\u00e1m cez n\u00e1\u0161 <strong><span class=\"tm6\">kontaktn\u00fd formul\u00e1r <\/span><\/strong>(n\u00e1jdete v menu: Kontakt, Kontaktujte n\u00e1s alebo O n\u00e1s).<\/p>\n<p class=\"Norm_l\">\n","protected":false},"excerpt":{"rendered":"<p>Ak\u00e9 inform\u00e1cie zhroma\u017e\u010fujeme? M\u00f4\u017eeme zhroma\u017e\u010fova\u0165, uchov\u00e1va\u0165 a pou\u017e\u00edva\u0165 nasleduj\u00face druhy osobn\u00fdch inform\u00e1ci\u00ed: 1. inform\u00e1cie o va\u0161om po\u010d\u00edta\u010di a o va\u0161ich n\u00e1v\u0161tev\u00e1ch a pou\u017e\u00edvan\u00ed tejto webovej str\u00e1nky (vr\u00e1tane va\u0161ej IP adresy, geografickej polohy, typu prehliada\u010da a jeho verzie, opera\u010dn\u00fd syst\u00e9m, d\u013a\u017eka n\u00e1v\u0161tevy, zobrazenie str\u00e1nok a navig\u00e1cia po webe) 2. inform\u00e1cie t\u00fdkaj\u00face sa v\u0161etk\u00fdch transakci\u00ed realizovan\u00fdch medzi &hellip;<\/p>\n<p class=\"read-more\"> <a class=\"\" href=\"http:\/\/csarda.eu\/web\/ochrana-osobnych-udajov\/\"> <span class=\"screen-reader-text\">Ochrana osobn\u00fdch \u00fadajov<\/span> \u010c\u00edtajte viac &raquo;<\/a><\/p>\n","protected":false},"author":1,"featured_media":0,"parent":0,"menu_order":0,"comment_status":"closed","ping_status":"closed","template":"","meta":{"site-sidebar-layout":"default","site-content-layout":"default","ast-global-header-display":"","ast-main-header-display":"","ast-hfb-above-header-display":"","ast-hfb-below-header-display":"","ast-hfb-mobile-header-display":"","site-post-title":"","ast-breadcrumbs-content":"","ast-featured-img":"","footer-sml-layout":"","theme-transparent-header-meta":"","adv-header-id-meta":"","stick-header-meta":"","header-above-stick-meta":"","header-main-stick-meta":"","header-below-stick-meta":"","ngg_post_thumbnail":0},"_links":{"self":[{"href":"http:\/\/csarda.eu\/web\/wp-json\/wp\/v2\/pages\/454"}],"collection":[{"href":"http:\/\/csarda.eu\/web\/wp-json\/wp\/v2\/pages"}],"about":[{"href":"http:\/\/csarda.eu\/web\/wp-json\/wp\/v2\/types\/page"}],"author":[{"embeddable":true,"href":"http:\/\/csarda.eu\/web\/wp-json\/wp\/v2\/users\/1"}],"replies":[{"embeddable":true,"href":"http:\/\/csarda.eu\/web\/wp-json\/wp\/v2\/comments?post=454"}],"version-history":[{"count":1,"href":"http:\/\/csarda.eu\/web\/wp-json\/wp\/v2\/pages\/454\/revisions"}],"predecessor-version":[{"id":455,"href":"http:\/\/csarda.eu\/web\/wp-json\/wp\/v2\/pages\/454\/revisions\/455"}],"wp:attachment":[{"href":"http:\/\/csarda.eu\/web\/wp-json\/wp\/v2\/media?parent=454"}],"curies":[{"name":"wp","href":"https:\/\/api.w.org\/{rel}","templated":true}]}}