{"id":34,"date":"2011-10-28T20:02:04","date_gmt":"2011-10-28T20:02:04","guid":{"rendered":"http:\/\/csarda.eu\/web\/?page_id=34"},"modified":"2016-03-09T18:33:43","modified_gmt":"2016-03-09T18:33:43","slug":"kapcsolat-2","status":"publish","type":"page","link":"http:\/\/csarda.eu\/web\/kapcsolat-2\/","title":{"rendered":"Kapcsolat"},"content":{"rendered":"<table border=\"0\" width=\"100%\" cellspacing=\"0\" cellpadding=\"0\">\n<tbody>\n<tr>\n<td width=\"50%\"><span class=\"_5yl5\">NYITVATART\u00c1S:<br \/>\nH\u00e9tf\u0151 \u2013 Kedd &#8211; Szerda &#8211; Cs\u00fct\u00f6rt\u00f6k \u2013 Vas\u00e1rnap 10.30 \u2013 22.00<br \/>\nP\u00e9ntek \u2013 Szombat 10.30 \u2013 23.00<br \/>\n<\/span><\/p>\n<p>B\u00c1STYA CS\u00c1RDA Okru\u017en\u00e1 271, VI. B\u00c1STYA &#8211; Lapid\u00e1riummal szemben (m\u00fazeum) 945 01 KOM\u00c1RNO (R\u00c9V-KOM\u00c1ROM), Szlov\u00e1kia<\/p>\n<p>CSOPORTOK EL\u0150ZETES ASZTALFOGLAL\u00c1SI<br \/>\nIG\u00c9NY\u00c9T EGYEZTET\u00c9S C\u00c9LJ\u00c1B\u00d3L K\u00c9REM<br \/>\nJELEZZ\u00c9K TELEFONON VAGY EMAILBEN.<br \/>\nTisztelettel Petrik P\u00e9ter<\/p>\n<p>E-MAIL: <span class=\"_5yl5\">info@csarda.eu<\/span><br \/>\nTELEFON:<span class=\"_5yl5\">00421 \/ 35 \/ 77 10 459, 00421 \/ 903 500 794<\/span><\/td>\n<td width=\"50%\">[contact-form 3 &#8222;kapcsolat&#8220;]<\/td>\n<\/tr>\n<tr>\n<td colspan=\"2\"><iframe loading=\"lazy\" style=\"border: 0;\" src=\"https:\/\/www.google.com\/maps\/embed?pb=!1m18!1m12!1m3!1d2681.1934088923413!2d18.12714031548223!3d47.77769758413628!2m3!1f0!2f0!3f0!3m2!1i1024!2i768!4f13.1!3m3!1m2!1s0x476bad3850ef1d87%3A0x6f1d637187c95b4c!2zxIzDoXJkYSBCYcWhdGE!5e0!3m2!1ssk!2ssk!4v1457346108057\" width=\"1170\" height=\"450\" frameborder=\"0\" allowfullscreen=\"allowfullscreen\"><\/iframe><\/td>\n<\/tr>\n<\/tbody>\n<\/table>\n","protected":false},"excerpt":{"rendered":"<p>NYITVATART\u00c1S: H\u00e9tf\u0151 \u2013 Kedd &#8211; Szerda &#8211; Cs\u00fct\u00f6rt\u00f6k \u2013 Vas\u00e1rnap 10.30 \u2013 22.00 P\u00e9ntek \u2013 Szombat 10.30 \u2013 23.00 B\u00c1STYA CS\u00c1RDA Okru\u017en\u00e1 271, VI. B\u00c1STYA &#8211; Lapid\u00e1riummal szemben (m\u00fazeum) 945 01 KOM\u00c1RNO (R\u00c9V-KOM\u00c1ROM), Szlov\u00e1kia CSOPORTOK EL\u0150ZETES ASZTALFOGLAL\u00c1SI IG\u00c9NY\u00c9T EGYEZTET\u00c9S C\u00c9LJ\u00c1B\u00d3L K\u00c9REM JELEZZ\u00c9K TELEFONON VAGY EMAILBEN. Tisztelettel Petrik P\u00e9ter E-MAIL: info@csarda.eu TELEFON:00421 \/ 35 \/ 77 &hellip;<\/p>\n<p class=\"read-more\"> <a class=\"\" href=\"http:\/\/csarda.eu\/web\/kapcsolat-2\/\"> <span class=\"screen-reader-text\">Kapcsolat<\/span> \u010c\u00edtajte viac &raquo;<\/a><\/p>\n","protected":false},"author":1,"featured_media":0,"parent":0,"menu_order":3,"comment_status":"closed","ping_status":"closed","template":"","meta":{"site-sidebar-layout":"default","site-content-layout":"default","ast-global-header-display":"","ast-main-header-display":"","ast-hfb-above-header-display":"","ast-hfb-below-header-display":"","ast-hfb-mobile-header-display":"","site-post-title":"","ast-breadcrumbs-content":"","ast-featured-img":"","footer-sml-layout":"","theme-transparent-header-meta":"","adv-header-id-meta":"","stick-header-meta":"","header-above-stick-meta":"","header-main-stick-meta":"","header-below-stick-meta":"","ngg_post_thumbnail":0},"_links":{"self":[{"href":"http:\/\/csarda.eu\/web\/wp-json\/wp\/v2\/pages\/34"}],"collection":[{"href":"http:\/\/csarda.eu\/web\/wp-json\/wp\/v2\/pages"}],"about":[{"href":"http:\/\/csarda.eu\/web\/wp-json\/wp\/v2\/types\/page"}],"author":[{"embeddable":true,"href":"http:\/\/csarda.eu\/web\/wp-json\/wp\/v2\/users\/1"}],"replies":[{"embeddable":true,"href":"http:\/\/csarda.eu\/web\/wp-json\/wp\/v2\/comments?post=34"}],"version-history":[{"count":16,"href":"http:\/\/csarda.eu\/web\/wp-json\/wp\/v2\/pages\/34\/revisions"}],"predecessor-version":[{"id":357,"href":"http:\/\/csarda.eu\/web\/wp-json\/wp\/v2\/pages\/34\/revisions\/357"}],"wp:attachment":[{"href":"http:\/\/csarda.eu\/web\/wp-json\/wp\/v2\/media?parent=34"}],"curies":[{"name":"wp","href":"https:\/\/api.w.org\/{rel}","templated":true}]}}