{"id":242,"date":"2016-03-06T16:08:32","date_gmt":"2016-03-06T16:08:32","guid":{"rendered":"http:\/\/csarda.eu\/web\/?page_id=242"},"modified":"2016-03-06T16:08:32","modified_gmt":"2016-03-06T16:08:32","slug":"lapidarium","status":"publish","type":"page","link":"http:\/\/csarda.eu\/web\/lapidarium\/","title":{"rendered":"Lapid\u00e1rium"},"content":{"rendered":"<p>LAPID\u00c1RIUM \u2013 KOM\u00c1RNO &amp; R\u00c9V-KOM\u00c1ROM<\/p>\n<p>A VI. sz\u00e1m\u00fa er\u0151d a kom\u00e1romi er\u0151drendszer r\u00e9szek\u00e9nt a 19. sz\u00e1zad 60-as \u00e9veiben k\u00e9sz\u00fclt, a v\u00e1rost k\u00f6r\u00fcl\u00f6lelve annak v\u00e9delm\u00e9t szolg\u00e1lta. Kom\u00e1romi VI. er\u0151dben R\u00f3mai k\u0151t\u00e1r tal\u00e1lhat\u00f3, ahol s\u00edrk\u00f6vek, szarkof\u00e1gok, olt\u00e1rk\u00f6vek \u00e9s \u00e9p\u00edt\u00e9szeti elemek seg\u00edts\u00e9g\u00e9vel ismerkedhet\u00fcnk meg a r\u00f3mai kori halottkultusszal \u00e9s vall\u00e1si \u00e9lettel.<\/p>\n<p><!-- index.php -->\n<div\n\tclass=\"ngg-galleryoverview ngg-ajax-pagination-none\"\n\tid=\"ngg-gallery-243-1\">\n\n    \t\t<!-- Thumbnails -->\n\t\t\t\t<div id=\"ngg-image-0\" class=\"ngg-gallery-thumbnail-box\" >\n\t\t\t\t        <div class=\"ngg-gallery-thumbnail\">\n            <a href=\"http:\/\/csarda.eu\/web\/wp-content\/gallery\/lapidarium\/mg_0165.jpg\"\n               title=\"\"\n               data-src=\"http:\/\/csarda.eu\/web\/wp-content\/gallery\/lapidarium\/mg_0165.jpg\"\n               data-thumbnail=\"http:\/\/csarda.eu\/web\/wp-content\/gallery\/lapidarium\/thumbs\/thumbs_mg_0165.jpg\"\n               data-image-id=\"85\"\n               data-title=\"mg_0165\"\n               data-description=\"\"\n               data-image-slug=\"mg_0165\"\n               class=\"ngg-fancybox\" rel=\"243\">\n                <img\n                    title=\"mg_0165\"\n                    alt=\"mg_0165\"\n                    src=\"http:\/\/csarda.eu\/web\/wp-content\/gallery\/lapidarium\/thumbs\/thumbs_mg_0165.jpg\"\n                    width=\"100\"\n                    height=\"75\"\n                    style=\"max-width:100%;\"\n                \/>\n            <\/a>\n        <\/div>\n\t\t\t\t\t\t\t<\/div> \n\t\t\t\n        \n\t\t\t\t<div id=\"ngg-image-1\" class=\"ngg-gallery-thumbnail-box\" >\n\t\t\t\t        <div class=\"ngg-gallery-thumbnail\">\n            <a href=\"http:\/\/csarda.eu\/web\/wp-content\/gallery\/lapidarium\/mg_0171_.jpg\"\n               title=\"\"\n               data-src=\"http:\/\/csarda.eu\/web\/wp-content\/gallery\/lapidarium\/mg_0171_.jpg\"\n               data-thumbnail=\"http:\/\/csarda.eu\/web\/wp-content\/gallery\/lapidarium\/thumbs\/thumbs_mg_0171_.jpg\"\n               data-image-id=\"86\"\n               data-title=\"mg_0171_\"\n               data-description=\"\"\n               data-image-slug=\"mg_0171_\"\n               class=\"ngg-fancybox\" rel=\"243\">\n                <img\n                    title=\"mg_0171_\"\n                    alt=\"mg_0171_\"\n                    src=\"http:\/\/csarda.eu\/web\/wp-content\/gallery\/lapidarium\/thumbs\/thumbs_mg_0171_.jpg\"\n                    width=\"100\"\n                    height=\"75\"\n                    style=\"max-width:100%;\"\n                \/>\n            <\/a>\n        <\/div>\n\t\t\t\t\t\t\t<\/div> \n\t\t\t\n        \n\t\t\t\t<div id=\"ngg-image-2\" class=\"ngg-gallery-thumbnail-box\" >\n\t\t\t\t        <div class=\"ngg-gallery-thumbnail\">\n            <a href=\"http:\/\/csarda.eu\/web\/wp-content\/gallery\/lapidarium\/mg_0177.jpg\"\n               title=\"\"\n               data-src=\"http:\/\/csarda.eu\/web\/wp-content\/gallery\/lapidarium\/mg_0177.jpg\"\n               data-thumbnail=\"http:\/\/csarda.eu\/web\/wp-content\/gallery\/lapidarium\/thumbs\/thumbs_mg_0177.jpg\"\n               data-image-id=\"87\"\n               data-title=\"mg_0177\"\n               data-description=\"\"\n               data-image-slug=\"mg_0177\"\n               class=\"ngg-fancybox\" rel=\"243\">\n                <img\n                    title=\"mg_0177\"\n                    alt=\"mg_0177\"\n                    src=\"http:\/\/csarda.eu\/web\/wp-content\/gallery\/lapidarium\/thumbs\/thumbs_mg_0177.jpg\"\n                    width=\"100\"\n                    height=\"75\"\n                    style=\"max-width:100%;\"\n                \/>\n            <\/a>\n        <\/div>\n\t\t\t\t\t\t\t<\/div> \n\t\t\t\n        \n\t\t\t\t<div id=\"ngg-image-3\" class=\"ngg-gallery-thumbnail-box\" >\n\t\t\t\t        <div class=\"ngg-gallery-thumbnail\">\n            <a href=\"http:\/\/csarda.eu\/web\/wp-content\/gallery\/lapidarium\/mg_0178.jpg\"\n               title=\"\"\n               data-src=\"http:\/\/csarda.eu\/web\/wp-content\/gallery\/lapidarium\/mg_0178.jpg\"\n               data-thumbnail=\"http:\/\/csarda.eu\/web\/wp-content\/gallery\/lapidarium\/thumbs\/thumbs_mg_0178.jpg\"\n               data-image-id=\"88\"\n               data-title=\"mg_0178\"\n               data-description=\"\"\n               data-image-slug=\"mg_0178\"\n               class=\"ngg-fancybox\" rel=\"243\">\n                <img\n                    title=\"mg_0178\"\n                    alt=\"mg_0178\"\n                    src=\"http:\/\/csarda.eu\/web\/wp-content\/gallery\/lapidarium\/thumbs\/thumbs_mg_0178.jpg\"\n                    width=\"100\"\n                    height=\"75\"\n                    style=\"max-width:100%;\"\n                \/>\n            <\/a>\n        <\/div>\n\t\t\t\t\t\t\t<\/div> \n\t\t\t\n        \n\t\t\t\t<div id=\"ngg-image-4\" class=\"ngg-gallery-thumbnail-box\" >\n\t\t\t\t        <div class=\"ngg-gallery-thumbnail\">\n            <a href=\"http:\/\/csarda.eu\/web\/wp-content\/gallery\/lapidarium\/mg_3057_ok.jpg\"\n               title=\"\"\n               data-src=\"http:\/\/csarda.eu\/web\/wp-content\/gallery\/lapidarium\/mg_3057_ok.jpg\"\n               data-thumbnail=\"http:\/\/csarda.eu\/web\/wp-content\/gallery\/lapidarium\/thumbs\/thumbs_mg_3057_ok.jpg\"\n               data-image-id=\"89\"\n               data-title=\"mg_3057_ok\"\n               data-description=\"\"\n               data-image-slug=\"mg_3057_ok\"\n               class=\"ngg-fancybox\" rel=\"243\">\n                <img\n                    title=\"mg_3057_ok\"\n                    alt=\"mg_3057_ok\"\n                    src=\"http:\/\/csarda.eu\/web\/wp-content\/gallery\/lapidarium\/thumbs\/thumbs_mg_3057_ok.jpg\"\n                    width=\"100\"\n                    height=\"75\"\n                    style=\"max-width:100%;\"\n                \/>\n            <\/a>\n        <\/div>\n\t\t\t\t\t\t\t<\/div> \n\t\t\t\n        \n\t\t\t\t<div id=\"ngg-image-5\" class=\"ngg-gallery-thumbnail-box\" >\n\t\t\t\t        <div class=\"ngg-gallery-thumbnail\">\n            <a href=\"http:\/\/csarda.eu\/web\/wp-content\/gallery\/lapidarium\/mg_3089_.jpg\"\n               title=\"\"\n               data-src=\"http:\/\/csarda.eu\/web\/wp-content\/gallery\/lapidarium\/mg_3089_.jpg\"\n               data-thumbnail=\"http:\/\/csarda.eu\/web\/wp-content\/gallery\/lapidarium\/thumbs\/thumbs_mg_3089_.jpg\"\n               data-image-id=\"90\"\n               data-title=\"mg_3089_\"\n               data-description=\"\"\n               data-image-slug=\"mg_3089_\"\n               class=\"ngg-fancybox\" rel=\"243\">\n                <img\n                    title=\"mg_3089_\"\n                    alt=\"mg_3089_\"\n                    src=\"http:\/\/csarda.eu\/web\/wp-content\/gallery\/lapidarium\/thumbs\/thumbs_mg_3089_.jpg\"\n                    width=\"100\"\n                    height=\"75\"\n                    style=\"max-width:100%;\"\n                \/>\n            <\/a>\n        <\/div>\n\t\t\t\t\t\t\t<\/div> \n\t\t\t\n        \n\t\t\t\t<div id=\"ngg-image-6\" class=\"ngg-gallery-thumbnail-box\" >\n\t\t\t\t        <div class=\"ngg-gallery-thumbnail\">\n            <a href=\"http:\/\/csarda.eu\/web\/wp-content\/gallery\/lapidarium\/mg_3090.jpg\"\n               title=\"\"\n               data-src=\"http:\/\/csarda.eu\/web\/wp-content\/gallery\/lapidarium\/mg_3090.jpg\"\n               data-thumbnail=\"http:\/\/csarda.eu\/web\/wp-content\/gallery\/lapidarium\/thumbs\/thumbs_mg_3090.jpg\"\n               data-image-id=\"91\"\n               data-title=\"mg_3090\"\n               data-description=\"\"\n               data-image-slug=\"mg_3090\"\n               class=\"ngg-fancybox\" rel=\"243\">\n                <img\n                    title=\"mg_3090\"\n                    alt=\"mg_3090\"\n                    src=\"http:\/\/csarda.eu\/web\/wp-content\/gallery\/lapidarium\/thumbs\/thumbs_mg_3090.jpg\"\n                    width=\"100\"\n                    height=\"75\"\n                    style=\"max-width:100%;\"\n                \/>\n            <\/a>\n        <\/div>\n\t\t\t\t\t\t\t<\/div> \n\t\t\t\n        \n\t\t\t\t<div id=\"ngg-image-7\" class=\"ngg-gallery-thumbnail-box\" >\n\t\t\t\t        <div class=\"ngg-gallery-thumbnail\">\n            <a href=\"http:\/\/csarda.eu\/web\/wp-content\/gallery\/lapidarium\/mg_3093.jpg\"\n               title=\"\"\n               data-src=\"http:\/\/csarda.eu\/web\/wp-content\/gallery\/lapidarium\/mg_3093.jpg\"\n               data-thumbnail=\"http:\/\/csarda.eu\/web\/wp-content\/gallery\/lapidarium\/thumbs\/thumbs_mg_3093.jpg\"\n               data-image-id=\"92\"\n               data-title=\"mg_3093\"\n               data-description=\"\"\n               data-image-slug=\"mg_3093\"\n               class=\"ngg-fancybox\" rel=\"243\">\n                <img\n                    title=\"mg_3093\"\n                    alt=\"mg_3093\"\n                    src=\"http:\/\/csarda.eu\/web\/wp-content\/gallery\/lapidarium\/thumbs\/thumbs_mg_3093.jpg\"\n                    width=\"100\"\n                    height=\"75\"\n                    style=\"max-width:100%;\"\n                \/>\n            <\/a>\n        <\/div>\n\t\t\t\t\t\t\t<\/div> \n\t\t\t\n        \n\t\t\t\t<div id=\"ngg-image-8\" class=\"ngg-gallery-thumbnail-box\" >\n\t\t\t\t        <div class=\"ngg-gallery-thumbnail\">\n            <a href=\"http:\/\/csarda.eu\/web\/wp-content\/gallery\/lapidarium\/mg_3094.jpg\"\n               title=\"\"\n               data-src=\"http:\/\/csarda.eu\/web\/wp-content\/gallery\/lapidarium\/mg_3094.jpg\"\n               data-thumbnail=\"http:\/\/csarda.eu\/web\/wp-content\/gallery\/lapidarium\/thumbs\/thumbs_mg_3094.jpg\"\n               data-image-id=\"93\"\n               data-title=\"mg_3094\"\n               data-description=\"\"\n               data-image-slug=\"mg_3094\"\n               class=\"ngg-fancybox\" rel=\"243\">\n                <img\n                    title=\"mg_3094\"\n                    alt=\"mg_3094\"\n                    src=\"http:\/\/csarda.eu\/web\/wp-content\/gallery\/lapidarium\/thumbs\/thumbs_mg_3094.jpg\"\n                    width=\"100\"\n                    height=\"75\"\n                    style=\"max-width:100%;\"\n                \/>\n            <\/a>\n        <\/div>\n\t\t\t\t\t\t\t<\/div> \n\t\t\t\n        \n\t\t\t\t<div id=\"ngg-image-9\" class=\"ngg-gallery-thumbnail-box\" >\n\t\t\t\t        <div class=\"ngg-gallery-thumbnail\">\n            <a href=\"http:\/\/csarda.eu\/web\/wp-content\/gallery\/lapidarium\/mg_3096_.jpg\"\n               title=\"\"\n               data-src=\"http:\/\/csarda.eu\/web\/wp-content\/gallery\/lapidarium\/mg_3096_.jpg\"\n               data-thumbnail=\"http:\/\/csarda.eu\/web\/wp-content\/gallery\/lapidarium\/thumbs\/thumbs_mg_3096_.jpg\"\n               data-image-id=\"94\"\n               data-title=\"mg_3096_\"\n               data-description=\"\"\n               data-image-slug=\"mg_3096_\"\n               class=\"ngg-fancybox\" rel=\"243\">\n                <img\n                    title=\"mg_3096_\"\n                    alt=\"mg_3096_\"\n                    src=\"http:\/\/csarda.eu\/web\/wp-content\/gallery\/lapidarium\/thumbs\/thumbs_mg_3096_.jpg\"\n                    width=\"100\"\n                    height=\"75\"\n                    style=\"max-width:100%;\"\n                \/>\n            <\/a>\n        <\/div>\n\t\t\t\t\t\t\t<\/div> \n\t\t\t\n        \n\t\t\t\t<div id=\"ngg-image-10\" class=\"ngg-gallery-thumbnail-box\" >\n\t\t\t\t        <div class=\"ngg-gallery-thumbnail\">\n            <a href=\"http:\/\/csarda.eu\/web\/wp-content\/gallery\/lapidarium\/mg_3097.jpg\"\n               title=\"\"\n               data-src=\"http:\/\/csarda.eu\/web\/wp-content\/gallery\/lapidarium\/mg_3097.jpg\"\n               data-thumbnail=\"http:\/\/csarda.eu\/web\/wp-content\/gallery\/lapidarium\/thumbs\/thumbs_mg_3097.jpg\"\n               data-image-id=\"95\"\n               data-title=\"mg_3097\"\n               data-description=\"\"\n               data-image-slug=\"mg_3097\"\n               class=\"ngg-fancybox\" rel=\"243\">\n                <img\n                    title=\"mg_3097\"\n                    alt=\"mg_3097\"\n                    src=\"http:\/\/csarda.eu\/web\/wp-content\/gallery\/lapidarium\/thumbs\/thumbs_mg_3097.jpg\"\n                    width=\"100\"\n                    height=\"75\"\n                    style=\"max-width:100%;\"\n                \/>\n            <\/a>\n        <\/div>\n\t\t\t\t\t\t\t<\/div> \n\t\t\t\n        \n\t\t\t\t<div id=\"ngg-image-11\" class=\"ngg-gallery-thumbnail-box\" >\n\t\t\t\t        <div class=\"ngg-gallery-thumbnail\">\n            <a href=\"http:\/\/csarda.eu\/web\/wp-content\/gallery\/lapidarium\/mg_3099_.jpg\"\n               title=\"\"\n               data-src=\"http:\/\/csarda.eu\/web\/wp-content\/gallery\/lapidarium\/mg_3099_.jpg\"\n               data-thumbnail=\"http:\/\/csarda.eu\/web\/wp-content\/gallery\/lapidarium\/thumbs\/thumbs_mg_3099_.jpg\"\n               data-image-id=\"96\"\n               data-title=\"mg_3099_\"\n               data-description=\"\"\n               data-image-slug=\"mg_3099_\"\n               class=\"ngg-fancybox\" rel=\"243\">\n                <img\n                    title=\"mg_3099_\"\n                    alt=\"mg_3099_\"\n                    src=\"http:\/\/csarda.eu\/web\/wp-content\/gallery\/lapidarium\/thumbs\/thumbs_mg_3099_.jpg\"\n                    width=\"100\"\n                    height=\"75\"\n                    style=\"max-width:100%;\"\n                \/>\n            <\/a>\n        <\/div>\n\t\t\t\t\t\t\t<\/div> \n\t\t\t\n        \n\t\t\t\t<div id=\"ngg-image-12\" class=\"ngg-gallery-thumbnail-box\" >\n\t\t\t\t        <div class=\"ngg-gallery-thumbnail\">\n            <a href=\"http:\/\/csarda.eu\/web\/wp-content\/gallery\/lapidarium\/mg_3101_.jpg\"\n               title=\"\"\n               data-src=\"http:\/\/csarda.eu\/web\/wp-content\/gallery\/lapidarium\/mg_3101_.jpg\"\n               data-thumbnail=\"http:\/\/csarda.eu\/web\/wp-content\/gallery\/lapidarium\/thumbs\/thumbs_mg_3101_.jpg\"\n               data-image-id=\"97\"\n               data-title=\"mg_3101_\"\n               data-description=\"\"\n               data-image-slug=\"mg_3101_\"\n               class=\"ngg-fancybox\" rel=\"243\">\n                <img\n                    title=\"mg_3101_\"\n                    alt=\"mg_3101_\"\n                    src=\"http:\/\/csarda.eu\/web\/wp-content\/gallery\/lapidarium\/thumbs\/thumbs_mg_3101_.jpg\"\n                    width=\"100\"\n                    height=\"75\"\n                    style=\"max-width:100%;\"\n                \/>\n            <\/a>\n        <\/div>\n\t\t\t\t\t\t\t<\/div> \n\t\t\t\n        \n\t\t\t\t<div id=\"ngg-image-13\" class=\"ngg-gallery-thumbnail-box\" >\n\t\t\t\t        <div class=\"ngg-gallery-thumbnail\">\n            <a href=\"http:\/\/csarda.eu\/web\/wp-content\/gallery\/lapidarium\/mg_3105.jpg\"\n               title=\"\"\n               data-src=\"http:\/\/csarda.eu\/web\/wp-content\/gallery\/lapidarium\/mg_3105.jpg\"\n               data-thumbnail=\"http:\/\/csarda.eu\/web\/wp-content\/gallery\/lapidarium\/thumbs\/thumbs_mg_3105.jpg\"\n               data-image-id=\"98\"\n               data-title=\"mg_3105\"\n               data-description=\"\"\n               data-image-slug=\"mg_3105\"\n               class=\"ngg-fancybox\" rel=\"243\">\n                <img\n                    title=\"mg_3105\"\n                    alt=\"mg_3105\"\n                    src=\"http:\/\/csarda.eu\/web\/wp-content\/gallery\/lapidarium\/thumbs\/thumbs_mg_3105.jpg\"\n                    width=\"100\"\n                    height=\"75\"\n                    style=\"max-width:100%;\"\n                \/>\n            <\/a>\n        <\/div>\n\t\t\t\t\t\t\t<\/div> \n\t\t\t\n        \n\t\t\t\t<div id=\"ngg-image-14\" class=\"ngg-gallery-thumbnail-box\" >\n\t\t\t\t        <div class=\"ngg-gallery-thumbnail\">\n            <a href=\"http:\/\/csarda.eu\/web\/wp-content\/gallery\/lapidarium\/mg_3106.jpg\"\n               title=\"\"\n               data-src=\"http:\/\/csarda.eu\/web\/wp-content\/gallery\/lapidarium\/mg_3106.jpg\"\n               data-thumbnail=\"http:\/\/csarda.eu\/web\/wp-content\/gallery\/lapidarium\/thumbs\/thumbs_mg_3106.jpg\"\n               data-image-id=\"99\"\n               data-title=\"mg_3106\"\n               data-description=\"\"\n               data-image-slug=\"mg_3106\"\n               class=\"ngg-fancybox\" rel=\"243\">\n                <img\n                    title=\"mg_3106\"\n                    alt=\"mg_3106\"\n                    src=\"http:\/\/csarda.eu\/web\/wp-content\/gallery\/lapidarium\/thumbs\/thumbs_mg_3106.jpg\"\n                    width=\"100\"\n                    height=\"75\"\n                    style=\"max-width:100%;\"\n                \/>\n            <\/a>\n        <\/div>\n\t\t\t\t\t\t\t<\/div> \n\t\t\t\n        \n\t\t\t\t<div id=\"ngg-image-15\" class=\"ngg-gallery-thumbnail-box\" >\n\t\t\t\t        <div class=\"ngg-gallery-thumbnail\">\n            <a href=\"http:\/\/csarda.eu\/web\/wp-content\/gallery\/lapidarium\/mg_3110.jpg\"\n               title=\"\"\n               data-src=\"http:\/\/csarda.eu\/web\/wp-content\/gallery\/lapidarium\/mg_3110.jpg\"\n               data-thumbnail=\"http:\/\/csarda.eu\/web\/wp-content\/gallery\/lapidarium\/thumbs\/thumbs_mg_3110.jpg\"\n               data-image-id=\"100\"\n               data-title=\"mg_3110\"\n               data-description=\"\"\n               data-image-slug=\"mg_3110\"\n               class=\"ngg-fancybox\" rel=\"243\">\n                <img\n                    title=\"mg_3110\"\n                    alt=\"mg_3110\"\n                    src=\"http:\/\/csarda.eu\/web\/wp-content\/gallery\/lapidarium\/thumbs\/thumbs_mg_3110.jpg\"\n                    width=\"100\"\n                    height=\"75\"\n                    style=\"max-width:100%;\"\n                \/>\n            <\/a>\n        <\/div>\n\t\t\t\t\t\t\t<\/div> \n\t\t\t\n        \n\t\t\t\t<div id=\"ngg-image-16\" class=\"ngg-gallery-thumbnail-box\" >\n\t\t\t\t        <div class=\"ngg-gallery-thumbnail\">\n            <a href=\"http:\/\/csarda.eu\/web\/wp-content\/gallery\/lapidarium\/mg_3112.jpg\"\n               title=\"\"\n               data-src=\"http:\/\/csarda.eu\/web\/wp-content\/gallery\/lapidarium\/mg_3112.jpg\"\n               data-thumbnail=\"http:\/\/csarda.eu\/web\/wp-content\/gallery\/lapidarium\/thumbs\/thumbs_mg_3112.jpg\"\n               data-image-id=\"101\"\n               data-title=\"mg_3112\"\n               data-description=\"\"\n               data-image-slug=\"mg_3112\"\n               class=\"ngg-fancybox\" rel=\"243\">\n                <img\n                    title=\"mg_3112\"\n                    alt=\"mg_3112\"\n                    src=\"http:\/\/csarda.eu\/web\/wp-content\/gallery\/lapidarium\/thumbs\/thumbs_mg_3112.jpg\"\n                    width=\"100\"\n                    height=\"75\"\n                    style=\"max-width:100%;\"\n                \/>\n            <\/a>\n        <\/div>\n\t\t\t\t\t\t\t<\/div> \n\t\t\t\n        \n\t\t\t\t<div id=\"ngg-image-17\" class=\"ngg-gallery-thumbnail-box\" >\n\t\t\t\t        <div class=\"ngg-gallery-thumbnail\">\n            <a href=\"http:\/\/csarda.eu\/web\/wp-content\/gallery\/lapidarium\/mg_3113.jpg\"\n               title=\"\"\n               data-src=\"http:\/\/csarda.eu\/web\/wp-content\/gallery\/lapidarium\/mg_3113.jpg\"\n               data-thumbnail=\"http:\/\/csarda.eu\/web\/wp-content\/gallery\/lapidarium\/thumbs\/thumbs_mg_3113.jpg\"\n               data-image-id=\"102\"\n               data-title=\"mg_3113\"\n               data-description=\"\"\n               data-image-slug=\"mg_3113\"\n               class=\"ngg-fancybox\" rel=\"243\">\n                <img\n                    title=\"mg_3113\"\n                    alt=\"mg_3113\"\n                    src=\"http:\/\/csarda.eu\/web\/wp-content\/gallery\/lapidarium\/thumbs\/thumbs_mg_3113.jpg\"\n                    width=\"100\"\n                    height=\"75\"\n                    style=\"max-width:100%;\"\n                \/>\n            <\/a>\n        <\/div>\n\t\t\t\t\t\t\t<\/div> \n\t\t\t\n        \n\t\t\t\t<div id=\"ngg-image-18\" class=\"ngg-gallery-thumbnail-box\" >\n\t\t\t\t        <div class=\"ngg-gallery-thumbnail\">\n            <a href=\"http:\/\/csarda.eu\/web\/wp-content\/gallery\/lapidarium\/mg_3114.jpg\"\n               title=\"\"\n               data-src=\"http:\/\/csarda.eu\/web\/wp-content\/gallery\/lapidarium\/mg_3114.jpg\"\n               data-thumbnail=\"http:\/\/csarda.eu\/web\/wp-content\/gallery\/lapidarium\/thumbs\/thumbs_mg_3114.jpg\"\n               data-image-id=\"103\"\n               data-title=\"mg_3114\"\n               data-description=\"\"\n               data-image-slug=\"mg_3114\"\n               class=\"ngg-fancybox\" rel=\"243\">\n                <img\n                    title=\"mg_3114\"\n                    alt=\"mg_3114\"\n                    src=\"http:\/\/csarda.eu\/web\/wp-content\/gallery\/lapidarium\/thumbs\/thumbs_mg_3114.jpg\"\n                    width=\"100\"\n                    height=\"75\"\n                    style=\"max-width:100%;\"\n                \/>\n            <\/a>\n        <\/div>\n\t\t\t\t\t\t\t<\/div> \n\t\t\t\n        \n\t\t\t\t<div id=\"ngg-image-19\" class=\"ngg-gallery-thumbnail-box\" >\n\t\t\t\t        <div class=\"ngg-gallery-thumbnail\">\n            <a href=\"http:\/\/csarda.eu\/web\/wp-content\/gallery\/lapidarium\/mg_3120.jpg\"\n               title=\"\"\n               data-src=\"http:\/\/csarda.eu\/web\/wp-content\/gallery\/lapidarium\/mg_3120.jpg\"\n               data-thumbnail=\"http:\/\/csarda.eu\/web\/wp-content\/gallery\/lapidarium\/thumbs\/thumbs_mg_3120.jpg\"\n               data-image-id=\"104\"\n               data-title=\"mg_3120\"\n               data-description=\"\"\n               data-image-slug=\"mg_3120\"\n               class=\"ngg-fancybox\" rel=\"243\">\n                <img\n                    title=\"mg_3120\"\n                    alt=\"mg_3120\"\n                    src=\"http:\/\/csarda.eu\/web\/wp-content\/gallery\/lapidarium\/thumbs\/thumbs_mg_3120.jpg\"\n                    width=\"100\"\n                    height=\"75\"\n                    style=\"max-width:100%;\"\n                \/>\n            <\/a>\n        <\/div>\n\t\t\t\t\t\t\t<\/div> \n\t\t\t\n        \n\t\t\n\t\t<!-- Pagination -->\n\t<div class='ngg-navigation'><span class='current'>1<\/span>\n<a class='page-numbers' data-pageid='2' href='http:\/\/csarda.eu\/web\/lapidarium\/nggallery\/page\/2'>2<\/a>\n<a class='prev' href='http:\/\/csarda.eu\/web\/lapidarium\/nggallery\/page\/2' data-pageid=2>&#9658;<\/a><\/div>\t<\/div>\n<\/p>\n","protected":false},"excerpt":{"rendered":"<p>LAPID\u00c1RIUM \u2013 KOM\u00c1RNO &amp; R\u00c9V-KOM\u00c1ROM A VI. sz\u00e1m\u00fa er\u0151d a kom\u00e1romi er\u0151drendszer r\u00e9szek\u00e9nt a 19. sz\u00e1zad 60-as \u00e9veiben k\u00e9sz\u00fclt, a v\u00e1rost k\u00f6r\u00fcl\u00f6lelve annak v\u00e9delm\u00e9t szolg\u00e1lta. Kom\u00e1romi VI. er\u0151dben R\u00f3mai k\u0151t\u00e1r tal\u00e1lhat\u00f3, ahol s\u00edrk\u00f6vek, szarkof\u00e1gok, olt\u00e1rk\u00f6vek \u00e9s \u00e9p\u00edt\u00e9szeti elemek seg\u00edts\u00e9g\u00e9vel ismerkedhet\u00fcnk meg a r\u00f3mai kori halottkultusszal \u00e9s vall\u00e1si \u00e9lettel. 1 2 &#9658;<\/p>\n","protected":false},"author":1,"featured_media":0,"parent":0,"menu_order":0,"comment_status":"closed","ping_status":"closed","template":"","meta":{"site-sidebar-layout":"default","site-content-layout":"default","ast-global-header-display":"","ast-main-header-display":"","ast-hfb-above-header-display":"","ast-hfb-below-header-display":"","ast-hfb-mobile-header-display":"","site-post-title":"","ast-breadcrumbs-content":"","ast-featured-img":"","footer-sml-layout":"","theme-transparent-header-meta":"","adv-header-id-meta":"","stick-header-meta":"","header-above-stick-meta":"","header-main-stick-meta":"","header-below-stick-meta":"","ngg_post_thumbnail":0},"_links":{"self":[{"href":"http:\/\/csarda.eu\/web\/wp-json\/wp\/v2\/pages\/242"}],"collection":[{"href":"http:\/\/csarda.eu\/web\/wp-json\/wp\/v2\/pages"}],"about":[{"href":"http:\/\/csarda.eu\/web\/wp-json\/wp\/v2\/types\/page"}],"author":[{"embeddable":true,"href":"http:\/\/csarda.eu\/web\/wp-json\/wp\/v2\/users\/1"}],"replies":[{"embeddable":true,"href":"http:\/\/csarda.eu\/web\/wp-json\/wp\/v2\/comments?post=242"}],"version-history":[{"count":2,"href":"http:\/\/csarda.eu\/web\/wp-json\/wp\/v2\/pages\/242\/revisions"}],"predecessor-version":[{"id":778,"href":"http:\/\/csarda.eu\/web\/wp-json\/wp\/v2\/pages\/242\/revisions\/778"}],"wp:attachment":[{"href":"http:\/\/csarda.eu\/web\/wp-json\/wp\/v2\/media?parent=242"}],"curies":[{"name":"wp","href":"https:\/\/api.w.org\/{rel}","templated":true}]}}