{"id":208,"date":"2016-03-03T20:40:05","date_gmt":"2016-03-03T20:40:05","guid":{"rendered":"http:\/\/csarda.eu\/web\/?page_id=208"},"modified":"2016-03-06T16:21:56","modified_gmt":"2016-03-06T16:21:56","slug":"szolgaltatasok","status":"publish","type":"page","link":"http:\/\/csarda.eu\/web\/szolgaltatasok\/","title":{"rendered":"Szolg\u00e1ltat\u00e1sok"},"content":{"rendered":"<p>A B\u00e1stya cs\u00e1rda \u00e9tterem sz\u00e9lesk\u00f6r\u0171 szolg\u00e1ltat\u00e1sk\u00edn\u00e1lata \u00e9s gasztrok\u00fcl\u00f6nlegess\u00e9gei v\u00e1rj\u00e1k \u00d6nt!<\/p>\n<p>Szolg\u00e1ltat\u00e1saink k\u00f6z\u00e9 tartoznak:<\/p>\n<ul>\n<li>c\u00e9ges rendezv\u00e9nyek szervez\u00e9se,<\/li>\n<li>saj\u00e1t ingyenes parkol\u00f3hely,<\/li>\n<li>nem doh\u00e1nyz\u00f3 helys\u00e9gek,<\/li>\n<li>ny\u00e1ri terast,<\/li>\n<li>Ingyenes WiFi.<\/li>\n<\/ul>\n<p>\u00c9tterm\u00fcnk tov\u00e1bb\u00e1 lehet\u0151s\u00e9get biztos\u00edt esk\u00fcv\u0151k szervez\u00e9s\u00e9re is, az exkluz\u00edv k\u00f6rnyezet garant\u00e1ltan egyediv\u00e9 var\u00e1zsolja \u00e9let\u00fck egyik legszebb napj\u00e1t.<\/p>\n<p>&nbsp;<\/p>\n","protected":false},"excerpt":{"rendered":"<p>A B\u00e1stya cs\u00e1rda \u00e9tterem sz\u00e9lesk\u00f6r\u0171 szolg\u00e1ltat\u00e1sk\u00edn\u00e1lata \u00e9s gasztrok\u00fcl\u00f6nlegess\u00e9gei v\u00e1rj\u00e1k \u00d6nt! Szolg\u00e1ltat\u00e1saink k\u00f6z\u00e9 tartoznak: c\u00e9ges rendezv\u00e9nyek szervez\u00e9se, saj\u00e1t ingyenes parkol\u00f3hely, nem doh\u00e1nyz\u00f3 helys\u00e9gek, ny\u00e1ri terast, Ingyenes WiFi. \u00c9tterm\u00fcnk tov\u00e1bb\u00e1 lehet\u0151s\u00e9get biztos\u00edt esk\u00fcv\u0151k szervez\u00e9s\u00e9re is, az exkluz\u00edv k\u00f6rnyezet garant\u00e1ltan egyediv\u00e9 var\u00e1zsolja \u00e9let\u00fck egyik legszebb napj\u00e1t. &nbsp;<\/p>\n","protected":false},"author":1,"featured_media":227,"parent":0,"menu_order":0,"comment_status":"closed","ping_status":"closed","template":"","meta":{"site-sidebar-layout":"default","site-content-layout":"default","ast-global-header-display":"","ast-main-header-display":"","ast-hfb-above-header-display":"","ast-hfb-below-header-display":"","ast-hfb-mobile-header-display":"","site-post-title":"","ast-breadcrumbs-content":"","ast-featured-img":"","footer-sml-layout":"","theme-transparent-header-meta":"","adv-header-id-meta":"","stick-header-meta":"","header-above-stick-meta":"","header-main-stick-meta":"","header-below-stick-meta":"","ngg_post_thumbnail":0},"_links":{"self":[{"href":"http:\/\/csarda.eu\/web\/wp-json\/wp\/v2\/pages\/208"}],"collection":[{"href":"http:\/\/csarda.eu\/web\/wp-json\/wp\/v2\/pages"}],"about":[{"href":"http:\/\/csarda.eu\/web\/wp-json\/wp\/v2\/types\/page"}],"author":[{"embeddable":true,"href":"http:\/\/csarda.eu\/web\/wp-json\/wp\/v2\/users\/1"}],"replies":[{"embeddable":true,"href":"http:\/\/csarda.eu\/web\/wp-json\/wp\/v2\/comments?post=208"}],"version-history":[{"count":6,"href":"http:\/\/csarda.eu\/web\/wp-json\/wp\/v2\/pages\/208\/revisions"}],"predecessor-version":[{"id":267,"href":"http:\/\/csarda.eu\/web\/wp-json\/wp\/v2\/pages\/208\/revisions\/267"}],"wp:featuredmedia":[{"embeddable":true,"href":"http:\/\/csarda.eu\/web\/wp-json\/wp\/v2\/media\/227"}],"wp:attachment":[{"href":"http:\/\/csarda.eu\/web\/wp-json\/wp\/v2\/media?parent=208"}],"curies":[{"name":"wp","href":"https:\/\/api.w.org\/{rel}","templated":true}]}}