{"id":171,"date":"2016-02-27T16:31:02","date_gmt":"2016-02-27T16:31:02","guid":{"rendered":"http:\/\/csarda.eu\/web\/?page_id=171"},"modified":"2016-03-09T18:35:14","modified_gmt":"2016-03-09T18:35:14","slug":"kontakt-2","status":"publish","type":"page","link":"http:\/\/csarda.eu\/web\/kontakt-2\/","title":{"rendered":"Kontakt"},"content":{"rendered":"<table border=\"0\" width=\"100%\" cellspacing=\"0\" cellpadding=\"0\">\n<tbody>\n<tr>\n<td width=\"50%\"><span class=\"_5yl5\">OTV\u00c1RACIA DOBA:<br \/>\nPo\u2013 Ut &#8211; St &#8211; \u0160tv \u2013 Ne 10.30 \u2013 22.00<br \/>\nPi \u2013 So10.30 \u2013 23.00<\/span><\/p>\n<p>\u010c\u00c1RDA BA\u0160TA Okru\u017en\u00e1 271, BA\u0160TA VI. &#8211; oproti Lapid\u00e1riu (m\u00fazeum)<br \/>\n945 01 KOM\u00c1RNO, SLOVENSKO<\/p>\n<p><span class=\"_5yl5\">E-MAIL: info@csarda.eu<\/span><\/p>\n<p>TELEFON: <span class=\"_5yl5\">00421 \/ 35 \/ 77 10 459, 00421 \/ 903 500 794<\/span><\/td>\n<td width=\"50%\">\u00a0[contact-form-7 id=&#8220;146&#8243; title=&#8220;kontakt&#8220;]<\/td>\n<\/tr>\n<tr>\n<td colspan=\"2\"><iframe loading=\"lazy\" style=\"border: 0;\" src=\"https:\/\/www.google.com\/maps\/embed?pb=!1m18!1m12!1m3!1d2681.1934088923413!2d18.12714031548223!3d47.77769758413628!2m3!1f0!2f0!3f0!3m2!1i1024!2i768!4f13.1!3m3!1m2!1s0x476bad3850ef1d87%3A0x6f1d637187c95b4c!2zxIzDoXJkYSBCYcWhdGE!5e0!3m2!1ssk!2ssk!4v1457346108057\" width=\"1170\" height=\"450\" frameborder=\"0\" allowfullscreen=\"allowfullscreen\"><\/iframe><\/td>\n<\/tr>\n<\/tbody>\n<\/table>\n","protected":false},"excerpt":{"rendered":"<p>OTV\u00c1RACIA DOBA: Po\u2013 Ut &#8211; St &#8211; \u0160tv \u2013 Ne 10.30 \u2013 22.00 Pi \u2013 So10.30 \u2013 23.00 \u010c\u00c1RDA BA\u0160TA Okru\u017en\u00e1 271, BA\u0160TA VI. &#8211; oproti Lapid\u00e1riu (m\u00fazeum) 945 01 KOM\u00c1RNO, SLOVENSKO E-MAIL: info@csarda.eu TELEFON: 00421 \/ 35 \/ 77 10 459, 00421 \/ 903 500 794 \u00a0[contact-form-7 id=&#8220;146&#8243; title=&#8220;kontakt&#8220;]<\/p>\n","protected":false},"author":1,"featured_media":0,"parent":0,"menu_order":3,"comment_status":"closed","ping_status":"closed","template":"","meta":{"site-sidebar-layout":"default","site-content-layout":"default","ast-global-header-display":"","ast-main-header-display":"","ast-hfb-above-header-display":"","ast-hfb-below-header-display":"","ast-hfb-mobile-header-display":"","site-post-title":"","ast-breadcrumbs-content":"","ast-featured-img":"","footer-sml-layout":"","theme-transparent-header-meta":"","adv-header-id-meta":"","stick-header-meta":"","header-above-stick-meta":"","header-main-stick-meta":"","header-below-stick-meta":"","ngg_post_thumbnail":0},"_links":{"self":[{"href":"http:\/\/csarda.eu\/web\/wp-json\/wp\/v2\/pages\/171"}],"collection":[{"href":"http:\/\/csarda.eu\/web\/wp-json\/wp\/v2\/pages"}],"about":[{"href":"http:\/\/csarda.eu\/web\/wp-json\/wp\/v2\/types\/page"}],"author":[{"embeddable":true,"href":"http:\/\/csarda.eu\/web\/wp-json\/wp\/v2\/users\/1"}],"replies":[{"embeddable":true,"href":"http:\/\/csarda.eu\/web\/wp-json\/wp\/v2\/comments?post=171"}],"version-history":[{"count":5,"href":"http:\/\/csarda.eu\/web\/wp-json\/wp\/v2\/pages\/171\/revisions"}],"predecessor-version":[{"id":358,"href":"http:\/\/csarda.eu\/web\/wp-json\/wp\/v2\/pages\/171\/revisions\/358"}],"wp:attachment":[{"href":"http:\/\/csarda.eu\/web\/wp-json\/wp\/v2\/media?parent=171"}],"curies":[{"name":"wp","href":"https:\/\/api.w.org\/{rel}","templated":true}]}}